{"id":6,"date":"2025-10-29T10:57:21","date_gmt":"2025-10-29T10:57:21","guid":{"rendered":"https:\/\/actus-nutrition.com\/?page_id=6"},"modified":"2025-11-03T17:39:33","modified_gmt":"2025-11-03T17:39:33","slug":"bienvenue","status":"publish","type":"page","link":"https:\/\/actus-nutrition.com\/","title":{"rendered":"ACTUS-NUTRITION.com"},"content":{"rendered":"\n<div class=\"wp-block-cover alignfull is-light has-contrast-color has-text-color has-link-color wp-elements-fa24db4ecf16c5ccb2c340fecf10fac2\" style=\"margin-top:0;margin-bottom:0;padding-top:var(--wp--preset--spacing--60);padding-right:var(--wp--preset--spacing--50);padding-bottom:var(--wp--preset--spacing--60);padding-left:var(--wp--preset--spacing--50)\"><span aria-hidden=\"true\" class=\"wp-block-cover__background has-base-background-color has-background-dim-100 has-background-dim\"><\/span><div class=\"wp-block-cover__inner-container has-global-padding is-layout-constrained wp-container-core-cover-is-layout-873ee6b1 wp-block-cover-is-layout-constrained\">\n<div class=\"wp-block-columns alignwide is-layout-flex wp-container-core-columns-is-layout-7ee84d44 wp-block-columns-is-layout-flex\">\n<div class=\"wp-block-column is-layout-flow wp-block-column-is-layout-flow\" style=\"flex-basis:65%\">\n<div class=\"wp-block-group is-vertical is-content-justification-stretch is-layout-flex wp-container-core-group-is-layout-353c4f5a wp-block-group-is-layout-flex\">\n<h2 class=\"wp-block-heading has-text-align-left\" style=\"font-size:clamp(2.587rem, 2.587rem + ((1vw - 0.2rem) * 3.628), 4.9rem);font-style:normal;font-weight:300;letter-spacing:-0.03em;line-height:1.4\">Les Newsletters de r\u00e9f\u00e9rence en nutrition, c&#8217;est ici !<\/h2>\n\n\n\n<p><\/p>\n\n\n\n<p class=\"is-style-text-subtitle is-style-text-subtitle--1\">Abonnez-vous aux newsletters de deux sp\u00e9cialistes en <mark style=\"background-color:rgba(0, 0, 0, 0)\" class=\"has-inline-color has-contrast-color\"><strong>nutrition et m\u00e9tabolisme<\/strong> <\/mark>: les docteurs <a href=\"https:\/\/actus-nutrition.com\/index.php\/chronobio\/\" data-type=\"page\" data-id=\"10\">Nicolas Wiernsperger<\/a> et <a href=\"https:\/\/actus-nutrition.com\/index.php\/chronobio-2\/\" data-type=\"page\" data-id=\"59\">Jean-Ren\u00e9 Mestre<\/a><\/p>\n\n\n\n<p><\/p>\n<\/div>\n\n\n\n<p><a href=\"https:\/\/actus-nutrition.com\/index.php\/chronobio-2\/\" data-type=\"page\" data-id=\"59\"><mark style=\"background-color:rgba(0, 0, 0, 0);color:#fa0808\" class=\"has-inline-color\"><strong>CHRONOBIO<\/strong><\/mark> <strong><mark style=\"background-color:rgba(0, 0, 0, 0);color:#f30b0b\" class=\"has-inline-color\">:<\/mark><\/strong> la newsletter d\u00e9di\u00e9e \u00e0 l&#8217;actualit\u00e9 de la nutrition, de la phyto et de la chronobiologie<\/a><\/p>\n\n\n\n<ul class=\"wp-block-list\">\n<li><a href=\"https:\/\/actus-nutrition.com\/index.php\/chronobio-2\/\" data-type=\"page\" data-id=\"59\">Sant\u00e9, forme, minceur, sommeil et esth\u00e9tique<\/a><\/li>\n\n\n\n<li><a href=\"https:\/\/actus-nutrition.com\/index.php\/chronobio-2\/\" data-type=\"page\" data-id=\"59\">Avec des applications pratiques<\/a><\/li>\n\n\n\n<li><a href=\"https:\/\/actus-nutrition.com\/index.php\/chronobio-2\/\" data-type=\"page\" data-id=\"59\">Avec des notes nutritionnelles <\/a><\/li>\n\n\n\n<li><a href=\"https:\/\/actus-nutrition.com\/index.php\/chronobio-2\/\" data-type=\"page\" data-id=\"59\">Avec des exemples de protocoles (aliments et\/ou compl\u00e9ments alimentaires)<\/a><\/li>\n<\/ul>\n\n\n\n<p><\/p>\n\n\n\n<p><a href=\"https:\/\/actus-nutrition.com\/index.php\/chronobio\/\" data-type=\"page\" data-id=\"10\"><mark style=\"background-color:rgba(0, 0, 0, 0);color:#f00808\" class=\"has-inline-color\"><strong>NUTRINOVA<\/strong><\/mark> <strong><mark style=\"background-color:rgba(0, 0, 0, 0);color:#f60b0b\" class=\"has-inline-color\">:<\/mark><\/strong>\u00ab&nbsp;Dis-moi ce que tu manges, je te dirai qui tu es&nbsp;\u00bb&nbsp;! C\u2019est si vrai&nbsp;!<\/a><\/p>\n\n\n\n<p><a href=\"https:\/\/actus-nutrition.com\/index.php\/chronobio\/\" data-type=\"page\" data-id=\"10\">La recherche vous fascine&nbsp;? Cette Newsletter NUTRINOVA suit de pr\u00e8s les importantes nouveaut\u00e9s en nutrition&nbsp;!<\/a><\/p>\n\n\n\n<ul class=\"wp-block-list\">\n<li><a href=\"https:\/\/actus-nutrition.com\/index.php\/chronobio\/\" data-type=\"page\" data-id=\"10\">(Patho)physiologie de la nutrition, cons\u00e9quences sur notre alimentation<\/a><\/li>\n<\/ul>\n\n\n\n<ul class=\"wp-block-list\">\n<li><a href=\"https:\/\/actus-nutrition.com\/index.php\/chronobio\/\" data-type=\"page\" data-id=\"10\">R\u00e9gulation du m\u00e9tabolisme par la nutrition<\/a><\/li>\n<\/ul>\n\n\n\n<ul class=\"wp-block-list\">\n<li><a href=\"https:\/\/actus-nutrition.com\/index.php\/chronobio\/\" data-type=\"page\" data-id=\"10\">Le r\u00f4le central du microbiote intestinal, au c\u0153ur de toute notre sant\u00e9<\/a><\/li>\n<\/ul>\n\n\n\n<ul class=\"wp-block-list\">\n<li><a href=\"https:\/\/actus-nutrition.com\/index.php\/chronobio\/\" data-type=\"page\" data-id=\"10\">Preuves cliniques, limites et cons\u00e9quences des compos\u00e9s alimentaires<\/a><\/li>\n<\/ul>\n\n\n\n<ul class=\"wp-block-list\">\n<li><a href=\"https:\/\/actus-nutrition.com\/index.php\/chronobio\/\" data-type=\"page\" data-id=\"10\">Nouveaux traitements sur la base de la nutrition<\/a><\/li>\n<\/ul>\n<\/div>\n\n\n\n<div class=\"wp-block-column is-layout-flow wp-block-column-is-layout-flow\" style=\"flex-basis:35%\">\n<div class=\"wp-block-group is-vertical is-content-justification-stretch is-nowrap is-layout-flex wp-container-core-group-is-layout-73b0033c wp-block-group-is-layout-flex\">\n<figure class=\"wp-block-gallery has-nested-images columns-default is-cropped wp-block-gallery-2 is-layout-flex wp-block-gallery-is-layout-flex\"><\/figure>\n<\/div>\n\n\n\n<div class=\"wp-block-cover is-repeated\"><div class=\"wp-block-cover__image-background wp-image-14 is-repeated\" style=\"background-position:44% 29%;background-image:url(https:\/\/actus-nutrition.com\/wp-content\/uploads\/2025\/10\/photo-jr-1.jpg)\"><\/div><span aria-hidden=\"true\" class=\"wp-block-cover__background has-background-dim\"><\/span><div class=\"wp-block-cover__inner-container is-layout-flow wp-block-cover-is-layout-flow\">\n<p class=\"has-text-align-center has-large-font-size\"><strong><a href=\"https:\/\/actus-nutrition.com\/index.php\/chronobio-2\/\" data-type=\"page\" data-id=\"59\"><mark style=\"background-color:rgba(0, 0, 0, 0)\" class=\"has-inline-color has-base-color\">CHRONOBIO par le Dr Jean-Ren\u00e9 Mestre<\/mark><\/a><\/strong><\/p>\n<\/div><\/div>\n\n\n\n<div class=\"wp-block-cover\" style=\"min-height:463px;aspect-ratio:unset;\"><img loading=\"lazy\" decoding=\"async\" width=\"766\" height=\"1024\" class=\"wp-block-cover__image-background wp-image-66\" alt=\"\" src=\"https:\/\/actus-nutrition.com\/wp-content\/uploads\/2025\/11\/nw-photo2-3-766x1024.jpg\" data-object-fit=\"cover\" srcset=\"https:\/\/actus-nutrition.com\/wp-content\/uploads\/2025\/11\/nw-photo2-3-766x1024.jpg 766w, https:\/\/actus-nutrition.com\/wp-content\/uploads\/2025\/11\/nw-photo2-3-225x300.jpg 225w, https:\/\/actus-nutrition.com\/wp-content\/uploads\/2025\/11\/nw-photo2-3-768x1026.jpg 768w, https:\/\/actus-nutrition.com\/wp-content\/uploads\/2025\/11\/nw-photo2-3-1150x1536.jpg 1150w, https:\/\/actus-nutrition.com\/wp-content\/uploads\/2025\/11\/nw-photo2-3-1533x2048.jpg 1533w, https:\/\/actus-nutrition.com\/wp-content\/uploads\/2025\/11\/nw-photo2-3-scaled.jpg 1916w\" sizes=\"auto, (max-width: 766px) 100vw, 766px\" \/><span aria-hidden=\"true\" class=\"wp-block-cover__background has-background-dim\"><\/span><div class=\"wp-block-cover__inner-container is-layout-flow wp-block-cover-is-layout-flow\">\n<p class=\"has-text-align-center has-large-font-size\"><strong><a href=\"https:\/\/actus-nutrition.com\/index.php\/chronobio\/\" data-type=\"page\" data-id=\"10\"><mark style=\"background-color:rgba(0, 0, 0, 0)\" class=\"has-inline-color has-base-color\">NUTRINOVA par le Dr Nicolas Wiernsperger<\/mark><\/a><\/strong><\/p>\n<\/div><\/div>\n<\/div>\n<\/div>\n<\/div><\/div>\n","protected":false},"excerpt":{"rendered":"","protected":false},"author":1,"featured_media":0,"parent":0,"menu_order":0,"comment_status":"closed","ping_status":"closed","template":"","meta":{"footnotes":""},"class_list":["post-6","page","type-page","status-publish","hentry"],"_links":{"self":[{"href":"https:\/\/actus-nutrition.com\/index.php\/wp-json\/wp\/v2\/pages\/6","targetHints":{"allow":["GET"]}}],"collection":[{"href":"https:\/\/actus-nutrition.com\/index.php\/wp-json\/wp\/v2\/pages"}],"about":[{"href":"https:\/\/actus-nutrition.com\/index.php\/wp-json\/wp\/v2\/types\/page"}],"author":[{"embeddable":true,"href":"https:\/\/actus-nutrition.com\/index.php\/wp-json\/wp\/v2\/users\/1"}],"replies":[{"embeddable":true,"href":"https:\/\/actus-nutrition.com\/index.php\/wp-json\/wp\/v2\/comments?post=6"}],"version-history":[{"count":17,"href":"https:\/\/actus-nutrition.com\/index.php\/wp-json\/wp\/v2\/pages\/6\/revisions"}],"predecessor-version":[{"id":84,"href":"https:\/\/actus-nutrition.com\/index.php\/wp-json\/wp\/v2\/pages\/6\/revisions\/84"}],"wp:attachment":[{"href":"https:\/\/actus-nutrition.com\/index.php\/wp-json\/wp\/v2\/media?parent=6"}],"curies":[{"name":"wp","href":"https:\/\/api.w.org\/{rel}","templated":true}]}}