{"id":3,"date":"2025-10-29T10:35:20","date_gmt":"2025-10-29T10:35:20","guid":{"rendered":"http:\/\/actus-nutrition.com\/?page_id=3"},"modified":"2025-11-03T10:52:25","modified_gmt":"2025-11-03T10:52:25","slug":"privacy-policy","status":"publish","type":"page","link":"https:\/\/actus-nutrition.com\/index.php\/privacy-policy\/","title":{"rendered":"Z Mentions l\u00e9gales"},"content":{"rendered":"\n<p>Le site Internet www.actus-nutrition.com est \u00e9dit\u00e9 par la sas Espace Sant\u00e9 Renaissance dont le si\u00e8ge social est situ\u00e9 14 boulevard Philippe Jourde &#8211; 43000 Le Puy-en-Velay &#8211; France, immatricul\u00e9e au RCS de Le Puy-en-Velay sous le num\u00e9ro 823 122 361 et repr\u00e9sent\u00e9e par son Pr\u00e9sident une personne physique, monsieur Jean-Ren\u00e9 Mestre.<\/p>\n\n\n\n<p>Capital social : 1\u00a0001 500,00 \u20ac<\/p>\n\n\n\n<p>Num\u00e9ro de TVA intracommunautaire : FR46819124918<\/p>\n\n\n\n<p>T\u00e9l\u00e9phone : +33 (0)6 07 13 02 08<\/p>\n\n\n\n<p><\/p>\n\n\n\n<h2 class=\"wp-block-heading\"> <\/h2>\n","protected":false},"excerpt":{"rendered":"<p>Le site Internet www.actus-nutrition.com est \u00e9dit\u00e9 par la sas Espace Sant\u00e9 Renaissance dont le si\u00e8ge social est situ\u00e9 14 boulevard Philippe Jourde &#8211; 43000 Le Puy-en-Velay &#8211; France, immatricul\u00e9e au RCS de Le Puy-en-Velay sous le num\u00e9ro 823 122 361 et repr\u00e9sent\u00e9e par son Pr\u00e9sident une personne physique, monsieur Jean-Ren\u00e9 Mestre. Capital social : 1\u00a0001 [&hellip;]<\/p>\n","protected":false},"author":1,"featured_media":0,"parent":0,"menu_order":0,"comment_status":"closed","ping_status":"open","template":"","meta":{"footnotes":""},"class_list":["post-3","page","type-page","status-publish","hentry"],"_links":{"self":[{"href":"https:\/\/actus-nutrition.com\/index.php\/wp-json\/wp\/v2\/pages\/3","targetHints":{"allow":["GET"]}}],"collection":[{"href":"https:\/\/actus-nutrition.com\/index.php\/wp-json\/wp\/v2\/pages"}],"about":[{"href":"https:\/\/actus-nutrition.com\/index.php\/wp-json\/wp\/v2\/types\/page"}],"author":[{"embeddable":true,"href":"https:\/\/actus-nutrition.com\/index.php\/wp-json\/wp\/v2\/users\/1"}],"replies":[{"embeddable":true,"href":"https:\/\/actus-nutrition.com\/index.php\/wp-json\/wp\/v2\/comments?post=3"}],"version-history":[{"count":5,"href":"https:\/\/actus-nutrition.com\/index.php\/wp-json\/wp\/v2\/pages\/3\/revisions"}],"predecessor-version":[{"id":82,"href":"https:\/\/actus-nutrition.com\/index.php\/wp-json\/wp\/v2\/pages\/3\/revisions\/82"}],"wp:attachment":[{"href":"https:\/\/actus-nutrition.com\/index.php\/wp-json\/wp\/v2\/media?parent=3"}],"curies":[{"name":"wp","href":"https:\/\/api.w.org\/{rel}","templated":true}]}}